{"id":124,"date":"2025-06-23T23:11:39","date_gmt":"2025-06-23T23:11:39","guid":{"rendered":"https:\/\/ediliftashensor.com\/?page_id=124"},"modified":"2025-06-25T21:16:49","modified_gmt":"2025-06-25T21:16:49","slug":"services","status":"publish","type":"page","link":"https:\/\/ediliftashensor.com\/sq\/services\/","title":{"rendered":"Sh\u00ebrbimet"},"content":{"rendered":"<div data-elementor-type=\"wp-page\" data-elementor-id=\"124\" class=\"elementor elementor-124\" data-elementor-post-type=\"page\">\n\t\t\t\t<div class=\"elementor-element elementor-element-6f7370c e-flex e-con-boxed e-con e-parent\" data-id=\"6f7370c\" data-element_type=\"container\" data-settings=\"{&quot;background_background&quot;:&quot;slideshow&quot;,&quot;background_slideshow_gallery&quot;:[{&quot;id&quot;:195,&quot;url&quot;:&quot;https:\\\/\\\/ediliftashensor.com\\\/wp-content\\\/uploads\\\/2025\\\/06\\\/Elevator-3-scaled.jpg&quot;},{&quot;id&quot;:194,&quot;url&quot;:&quot;https:\\\/\\\/ediliftashensor.com\\\/wp-content\\\/uploads\\\/2025\\\/06\\\/Elevator-4-scaled.jpg&quot;},{&quot;id&quot;:197,&quot;url&quot;:&quot;https:\\\/\\\/ediliftashensor.com\\\/wp-content\\\/uploads\\\/2025\\\/06\\\/Elevator-1-scaled.jpg&quot;},{&quot;id&quot;:196,&quot;url&quot;:&quot;https:\\\/\\\/ediliftashensor.com\\\/wp-content\\\/uploads\\\/2025\\\/06\\\/Elevator-2-scaled.jpg&quot;}],&quot;background_slideshow_slide_transition&quot;:&quot;slide_left&quot;,&quot;background_slideshow_ken_burns&quot;:&quot;yes&quot;,&quot;background_slideshow_loop&quot;:&quot;yes&quot;,&quot;background_slideshow_slide_duration&quot;:5000,&quot;background_slideshow_transition_duration&quot;:500,&quot;background_slideshow_ken_burns_zoom_direction&quot;:&quot;in&quot;}\">\n\t\t\t\t\t<div class=\"e-con-inner\">\n\t\t<div class=\"elementor-element elementor-element-2e2e446 e-con-full e-flex e-con e-child\" data-id=\"2e2e446\" data-element_type=\"container\">\n\t\t\t\t<div class=\"elementor-element elementor-element-2959aed elementor-icon-list--layout-inline elementor-align-center elementor-list-item-link-full_width elementor-widget elementor-widget-icon-list\" data-id=\"2959aed\" data-element_type=\"widget\" data-widget_type=\"icon-list.default\">\n\t\t\t\t<div class=\"elementor-widget-container\">\n\t\t\t\t\t\t\t<ul class=\"elementor-icon-list-items elementor-inline-items\">\n\t\t\t\t\t\t\t<li class=\"elementor-icon-list-item elementor-inline-item\">\n\t\t\t\t\t\t\t\t\t\t<span class=\"elementor-icon-list-text\">Ballina<\/span>\n\t\t\t\t\t\t\t\t\t<\/li>\n\t\t\t\t\t\t\t\t<li class=\"elementor-icon-list-item elementor-inline-item\">\n\t\t\t\t\t\t\t\t\t\t\t<a href=\"https:\/\/ediliftashensor.com\/sq\/services\/\">\n\n\t\t\t\t\t\t\t\t\t\t\t\t<span class=\"elementor-icon-list-icon\">\n\t\t\t\t\t\t\t<i aria-hidden=\"true\" class=\"icon icon-arrow-right\"><\/i>\t\t\t\t\t\t<\/span>\n\t\t\t\t\t\t\t\t\t\t<span class=\"elementor-icon-list-text\">Sh\u00ebrbimet<\/span>\n\t\t\t\t\t\t\t\t\t\t\t<\/a>\n\t\t\t\t\t\t\t\t\t<\/li>\n\t\t\t\t\t\t<\/ul>\n\t\t\t\t\t\t<\/div>\n\t\t\t\t<\/div>\n\t\t\t\t<div class=\"elementor-element elementor-element-371e752 elementor-widget elementor-widget-heading\" data-id=\"371e752\" data-element_type=\"widget\" data-widget_type=\"heading.default\">\n\t\t\t\t<div class=\"elementor-widget-container\">\n\t\t\t\t\t<h1 class=\"elementor-heading-title elementor-size-default\">Sh\u00ebrbimet<\/h1>\t\t\t\t<\/div>\n\t\t\t\t<\/div>\n\t\t\t\t<div class=\"elementor-element elementor-element-39e62f0 elementor-widget elementor-widget-text-editor\" data-id=\"39e62f0\" data-element_type=\"widget\" data-widget_type=\"text-editor.default\">\n\t\t\t\t<div class=\"elementor-widget-container\">\n\t\t\t\t\t\t\t\t\t<p>Nga prodhimi deri te kujdesi i vazhduesh\u00ebm, <strong data-start=\"241\" data-end=\"262\">Edi Lift Ashensor<\/strong> siguron q\u00eb \u00e7do ashensor dhe shkall\u00eb l\u00ebviz\u00ebse q\u00eb prodhohet t\u00eb p\u00ebrmbush\u00eb standardet m\u00eb t\u00eb larta.<\/p>\t\t\t\t\t\t\t\t<\/div>\n\t\t\t\t<\/div>\n\t\t\t\t<\/div>\n\t\t\t\t\t<\/div>\n\t\t\t\t<\/div>\n\t\t<div class=\"elementor-element elementor-element-724f05d e-flex e-con-boxed e-con e-parent\" data-id=\"724f05d\" data-element_type=\"container\" data-settings=\"{&quot;background_background&quot;:&quot;classic&quot;}\">\n\t\t\t\t\t<div class=\"e-con-inner\">\n\t\t<div class=\"elementor-element elementor-element-313ae76 e-con-full e-flex e-con e-child\" data-id=\"313ae76\" data-element_type=\"container\">\n\t\t<div class=\"elementor-element elementor-element-66fd52d e-con-full e-flex e-con e-child\" data-id=\"66fd52d\" data-element_type=\"container\" data-settings=\"{&quot;background_background&quot;:&quot;classic&quot;}\">\n\t\t<div class=\"elementor-element elementor-element-a7ba31c e-con-full e-flex e-con e-child\" data-id=\"a7ba31c\" data-element_type=\"container\" data-settings=\"{&quot;background_background&quot;:&quot;classic&quot;}\">\n\t\t\t\t<\/div>\n\t\t<div class=\"elementor-element elementor-element-335397b e-con-full e-flex e-con e-child\" data-id=\"335397b\" data-element_type=\"container\">\n\t\t\t\t<div class=\"elementor-element elementor-element-f4ed658 elementor-widget elementor-widget-heading\" data-id=\"f4ed658\" data-element_type=\"widget\" data-widget_type=\"heading.default\">\n\t\t\t\t<div class=\"elementor-widget-container\">\n\t\t\t\t\t<h6 class=\"elementor-heading-title elementor-size-default\">Prodhim Ashensor\u00ebsh<\/h6>\t\t\t\t<\/div>\n\t\t\t\t<\/div>\n\t\t\t\t<div class=\"elementor-element elementor-element-1d3b851 elementor-widget__width-initial elementor-widget elementor-widget-heading\" data-id=\"1d3b851\" data-element_type=\"widget\" data-widget_type=\"heading.default\">\n\t\t\t\t<div class=\"elementor-widget-container\">\n\t\t\t\t\t<h2 class=\"elementor-heading-title elementor-size-default\">Projektuar me Sakt\u00ebsi, Prodhuar Lokalisht<\/h2>\t\t\t\t<\/div>\n\t\t\t\t<\/div>\n\t\t\t\t<div class=\"elementor-element elementor-element-f1b6f63 elementor-widget elementor-widget-text-editor\" data-id=\"f1b6f63\" data-element_type=\"widget\" data-widget_type=\"text-editor.default\">\n\t\t\t\t<div class=\"elementor-widget-container\">\n\t\t\t\t\t\t\t\t\t<p data-start=\"239\" data-end=\"382\">N\u00eb Edi Lift Ashensor, ne prodhojm\u00eb ashensor\u00eb t\u00eb dizajnuar posa\u00e7\u00ebrisht<br data-start=\"307\" data-end=\"310\" \/>p\u00ebr nevojat unike t\u00eb nd\u00ebrtes\u00ebs suaj, qoft\u00eb banesore, komerciale apo industriale.<\/p><p data-start=\"384\" data-end=\"518\">Fabrika jon\u00eb e prodhimit n\u00eb Kosov\u00eb p\u00ebrdor pajisje t\u00eb avancuara,<br data-start=\"446\" data-end=\"449\" \/>materiale me standard evropian dhe procedura strikte t\u00eb kontrollit t\u00eb cil\u00ebsis\u00eb.<\/p><p data-start=\"520\" data-end=\"638\">\u00c7do ashensor q\u00eb ne dor\u00ebzojm\u00eb \u00ebsht\u00eb i besuesh\u00ebm, i sigurt dhe i nd\u00ebrtuar p\u00ebr t\u00eb zgjatur, me nj\u00eb ekuilib\u00ebr t\u00eb p\u00ebrsosur midis performanc\u00ebs dhe q\u00ebndrueshm\u00ebris\u00eb.<\/p>\t\t\t\t\t\t\t\t<\/div>\n\t\t\t\t<\/div>\n\t\t\t\t<\/div>\n\t\t\t\t<\/div>\n\t\t\t\t<\/div>\n\t\t\t\t\t<\/div>\n\t\t\t\t<\/div>\n\t\t<div class=\"elementor-element elementor-element-218eff8 e-flex e-con-boxed e-con e-parent\" data-id=\"218eff8\" data-element_type=\"container\" data-settings=\"{&quot;background_background&quot;:&quot;classic&quot;}\">\n\t\t\t\t\t<div class=\"e-con-inner\">\n\t\t<div class=\"elementor-element elementor-element-2de82a3 e-con-full e-flex e-con e-child\" data-id=\"2de82a3\" data-element_type=\"container\">\n\t\t<div class=\"elementor-element elementor-element-8cf16f0 e-con-full e-flex e-con e-child\" data-id=\"8cf16f0\" data-element_type=\"container\" data-settings=\"{&quot;background_background&quot;:&quot;classic&quot;}\">\n\t\t<div class=\"elementor-element elementor-element-0137ef4 e-con-full e-flex e-con e-child\" data-id=\"0137ef4\" data-element_type=\"container\" data-settings=\"{&quot;background_background&quot;:&quot;classic&quot;}\">\n\t\t\t\t<\/div>\n\t\t<div class=\"elementor-element elementor-element-4957d58 e-con-full e-flex e-con e-child\" data-id=\"4957d58\" data-element_type=\"container\">\n\t\t\t\t<div class=\"elementor-element elementor-element-f845f76 elementor-widget elementor-widget-heading\" data-id=\"f845f76\" data-element_type=\"widget\" data-widget_type=\"heading.default\">\n\t\t\t\t<div class=\"elementor-widget-container\">\n\t\t\t\t\t<h6 class=\"elementor-heading-title elementor-size-default\">Instalim Ashensor\u00ebsh<\/h6>\t\t\t\t<\/div>\n\t\t\t\t<\/div>\n\t\t\t\t<div class=\"elementor-element elementor-element-7088a98 elementor-widget__width-initial elementor-widget elementor-widget-heading\" data-id=\"7088a98\" data-element_type=\"widget\" data-widget_type=\"heading.default\">\n\t\t\t\t<div class=\"elementor-widget-container\">\n\t\t\t\t\t<h2 class=\"elementor-heading-title elementor-size-default\">Instaluar me Mjesht\u00ebri, Dor\u00ebzuar n\u00eb M\u00ebnyr\u00eb t\u00eb P\u00ebrsosur.<\/h2>\t\t\t\t<\/div>\n\t\t\t\t<\/div>\n\t\t\t\t<div class=\"elementor-element elementor-element-4d3bd38 elementor-widget elementor-widget-text-editor\" data-id=\"4d3bd38\" data-element_type=\"widget\" data-widget_type=\"text-editor.default\">\n\t\t\t\t<div class=\"elementor-widget-container\">\n\t\t\t\t\t\t\t\t\t<p data-start=\"726\" data-end=\"843\">Nga matja e par\u00eb deri te udh\u00ebtimi final, ne menaxhojm\u00eb t\u00eb gjith\u00eb<br data-start=\"784\" data-end=\"787\" \/>procesin e instalimit me sakt\u00ebsi dhe profesionaliz\u00ebm.<\/p><p data-start=\"845\" data-end=\"972\">Teknik\u00ebt tan\u00eb t\u00eb certifikuar sigurojn\u00eb q\u00eb ashensori juaj t\u00eb instalohet<br data-start=\"904\" data-end=\"907\" \/>n\u00eb koh\u00eb, brenda buxhetit dhe plot\u00ebsisht n\u00eb p\u00ebrputhje me standardet e siguris\u00eb EN.<\/p><p data-start=\"974\" data-end=\"1082\">Ne bashk\u00ebpunojm\u00eb me arkitekt\u00ebt dhe nd\u00ebrtuesit tuaj p\u00ebr<br data-start=\"1025\" data-end=\"1028\" \/>nj\u00eb proces instalimi t\u00eb qet\u00eb, t\u00eb past\u00ebr dhe pa stres.<\/p>\t\t\t\t\t\t\t\t<\/div>\n\t\t\t\t<\/div>\n\t\t\t\t<\/div>\n\t\t\t\t<\/div>\n\t\t\t\t<\/div>\n\t\t\t\t\t<\/div>\n\t\t\t\t<\/div>\n\t\t<div class=\"elementor-element elementor-element-8feb9ff e-flex e-con-boxed e-con e-parent\" data-id=\"8feb9ff\" data-element_type=\"container\" data-settings=\"{&quot;background_background&quot;:&quot;classic&quot;}\">\n\t\t\t\t\t<div class=\"e-con-inner\">\n\t\t<div class=\"elementor-element elementor-element-c49baa8 e-con-full e-flex e-con e-child\" data-id=\"c49baa8\" data-element_type=\"container\">\n\t\t<div class=\"elementor-element elementor-element-427eb61 e-con-full e-flex e-con e-child\" data-id=\"427eb61\" data-element_type=\"container\" data-settings=\"{&quot;background_background&quot;:&quot;classic&quot;}\">\n\t\t<div class=\"elementor-element elementor-element-1fe5353 e-con-full e-flex e-con e-child\" data-id=\"1fe5353\" data-element_type=\"container\" data-settings=\"{&quot;background_background&quot;:&quot;classic&quot;}\">\n\t\t\t\t<\/div>\n\t\t<div class=\"elementor-element elementor-element-ad903de e-con-full e-flex e-con e-child\" data-id=\"ad903de\" data-element_type=\"container\">\n\t\t\t\t<div class=\"elementor-element elementor-element-97fcdc4 elementor-widget elementor-widget-heading\" data-id=\"97fcdc4\" data-element_type=\"widget\" data-widget_type=\"heading.default\">\n\t\t\t\t<div class=\"elementor-widget-container\">\n\t\t\t\t\t<h6 class=\"elementor-heading-title elementor-size-default\">Mir\u00ebmbajtje Ashensor\u00ebsh<\/h6>\t\t\t\t<\/div>\n\t\t\t\t<\/div>\n\t\t\t\t<div class=\"elementor-element elementor-element-7343d49 elementor-widget__width-initial elementor-widget elementor-widget-heading\" data-id=\"7343d49\" data-element_type=\"widget\" data-widget_type=\"heading.default\">\n\t\t\t\t<div class=\"elementor-widget-container\">\n\t\t\t\t\t<h2 class=\"elementor-heading-title elementor-size-default\">Kujdes Reagues, Besueshm\u00ebri Afatgjat\u00eb.<\/h2>\t\t\t\t<\/div>\n\t\t\t\t<\/div>\n\t\t\t\t<div class=\"elementor-element elementor-element-759d032 elementor-widget elementor-widget-text-editor\" data-id=\"759d032\" data-element_type=\"widget\" data-widget_type=\"text-editor.default\">\n\t\t\t\t<div class=\"elementor-widget-container\">\n\t\t\t\t\t\t\t\t\t<p data-start=\"1169\" data-end=\"1229\">Ne nuk i instalojm\u00eb thjesht ashensor\u00ebt - ne q\u00ebndrojm\u00eb pran\u00eb tyre p\u00ebr gjith\u00eb jet\u00ebn.<\/p><p data-start=\"1231\" data-end=\"1365\">Ekipi yn\u00eb i mir\u00ebmbajtjes ofron mb\u00ebshtetje 24\/7 dhe inspektime t\u00eb rregullta.<br data-start=\"1300\" data-end=\"1303\" \/>dhe riparime emergjente, duke e mbajtur ashensorin tuaj t\u00eb besuesh\u00ebm dhe t\u00eb sigurt.<\/p><p data-start=\"1367\" data-end=\"1486\">Me plane mir\u00ebmbajtjeje parandaluese dhe opsione p\u00ebr monitorim n\u00eb distanc\u00eb,<br data-start=\"1424\" data-end=\"1427\" \/>do t\u00eb p\u00ebrjetoni m\u00eb pak defekte dhe jet\u00ebgjat\u00ebsi m\u00eb t\u00eb madhe sh\u00ebrbimi.<\/p><p data-start=\"1367\" data-end=\"1486\">\u00a0<\/p>\t\t\t\t\t\t\t\t<\/div>\n\t\t\t\t<\/div>\n\t\t\t\t<\/div>\n\t\t\t\t<\/div>\n\t\t\t\t<\/div>\n\t\t\t\t\t<\/div>\n\t\t\t\t<\/div>\n\t\t<div class=\"elementor-element elementor-element-e236411 e-flex e-con-boxed e-con e-parent\" data-id=\"e236411\" data-element_type=\"container\" data-settings=\"{&quot;background_background&quot;:&quot;classic&quot;}\">\n\t\t\t\t\t<div class=\"e-con-inner\">\n\t\t<div class=\"elementor-element elementor-element-ac452d8 e-con-full e-flex e-con e-child\" data-id=\"ac452d8\" data-element_type=\"container\">\n\t\t<div class=\"elementor-element elementor-element-e432336 e-con-full e-flex e-con e-child\" data-id=\"e432336\" data-element_type=\"container\" data-settings=\"{&quot;background_background&quot;:&quot;classic&quot;}\">\n\t\t<div class=\"elementor-element elementor-element-83e2399 e-con-full e-flex e-con e-child\" data-id=\"83e2399\" data-element_type=\"container\" data-settings=\"{&quot;background_background&quot;:&quot;classic&quot;}\">\n\t\t\t\t<\/div>\n\t\t<div class=\"elementor-element elementor-element-75f94a2 e-con-full e-flex e-con e-child\" data-id=\"75f94a2\" data-element_type=\"container\">\n\t\t\t\t<div class=\"elementor-element elementor-element-42a5f96 elementor-widget elementor-widget-heading\" data-id=\"42a5f96\" data-element_type=\"widget\" data-widget_type=\"heading.default\">\n\t\t\t\t<div class=\"elementor-widget-container\">\n\t\t\t\t\t<h6 class=\"elementor-heading-title elementor-size-default\">Prodhim Shkall\u00ebsh L\u00ebviz\u00ebse<\/h6>\t\t\t\t<\/div>\n\t\t\t\t<\/div>\n\t\t\t\t<div class=\"elementor-element elementor-element-c8d229f elementor-widget__width-initial elementor-widget elementor-widget-heading\" data-id=\"c8d229f\" data-element_type=\"widget\" data-widget_type=\"heading.default\">\n\t\t\t\t<div class=\"elementor-widget-container\">\n\t\t\t\t\t<h2 class=\"elementor-heading-title elementor-size-default\">L\u00ebvizje e Efektshme, Zgjidhje t\u00eb P\u00ebrshtatura.<\/h2>\t\t\t\t<\/div>\n\t\t\t\t<\/div>\n\t\t\t\t<div class=\"elementor-element elementor-element-4a85878 elementor-widget elementor-widget-text-editor\" data-id=\"4a85878\" data-element_type=\"widget\" data-widget_type=\"text-editor.default\">\n\t\t\t\t<div class=\"elementor-widget-container\">\n\t\t\t\t\t\t\t\t\t<p data-start=\"1577\" data-end=\"1704\">Shkall\u00ebt tona l\u00ebviz\u00ebse jan\u00eb nd\u00ebrtuar p\u00ebr ambiente me fluks t\u00eb lart\u00eb si qendrat tregtare,<br data-start=\"1643\" data-end=\"1646\" \/>aeroportet dhe stacionet e transportit, ku funksionimi pa nd\u00ebrprerje \u00ebsht\u00eb thelb\u00ebsor.<\/p><p data-start=\"1706\" data-end=\"1830\">\u00c7do nj\u00ebsi \u00ebsht\u00eb projektuar p\u00ebr funksionim t\u00eb qet\u00eb, siguri dhe jet\u00ebgjat\u00ebsi,<br data-start=\"1773\" data-end=\"1776\" \/>duke p\u00ebrdorur materiale t\u00eb q\u00ebndrueshme dhe komponent\u00eb me mir\u00ebmbajtje t\u00eb ul\u00ebt.<\/p><p data-start=\"1832\" data-end=\"1898\">Te Edi Lift Ashensor, ne nuk l\u00ebvizim thjesht njer\u00ebz - ne e ngrem\u00eb rrjedh\u00ebn.<\/p><p data-start=\"1832\" data-end=\"1898\">\u00a0<\/p>\t\t\t\t\t\t\t\t<\/div>\n\t\t\t\t<\/div>\n\t\t\t\t<\/div>\n\t\t\t\t<\/div>\n\t\t\t\t<\/div>\n\t\t\t\t\t<\/div>\n\t\t\t\t<\/div>\n\t\t<div class=\"elementor-element elementor-element-ad45a10 e-flex e-con-boxed e-con e-parent\" data-id=\"ad45a10\" data-element_type=\"container\" data-settings=\"{&quot;background_background&quot;:&quot;classic&quot;}\">\n\t\t\t\t\t<div class=\"e-con-inner\">\n\t\t<div class=\"elementor-element elementor-element-f5ae6b6 e-con-full e-flex e-con e-child\" data-id=\"f5ae6b6\" data-element_type=\"container\">\n\t\t\t\t<div class=\"elementor-element elementor-element-e662f73 elementor-widget elementor-widget-heading\" data-id=\"e662f73\" data-element_type=\"widget\" data-widget_type=\"heading.default\">\n\t\t\t\t<div class=\"elementor-widget-container\">\n\t\t\t\t\t<h3 class=\"elementor-heading-title elementor-size-default\">Shikoni Disa nga Projektet Tona<\/h3>\t\t\t\t<\/div>\n\t\t\t\t<\/div>\n\t\t\t\t<div class=\"elementor-element elementor-element-8314952 elementor-align-center elementor-widget elementor-widget-button\" data-id=\"8314952\" data-element_type=\"widget\" data-widget_type=\"button.default\">\n\t\t\t\t<div class=\"elementor-widget-container\">\n\t\t\t\t\t\t\t\t\t<div class=\"elementor-button-wrapper\">\n\t\t\t\t\t<a class=\"elementor-button elementor-button-link elementor-size-md elementor-animation-wobble-horizontal\" href=\"https:\/\/ediliftashensor.com\/sq\/projects\/\">\n\t\t\t\t\t\t<span class=\"elementor-button-content-wrapper\">\n\t\t\t\t\t\t\t\t\t<span class=\"elementor-button-text\">Projektet<\/span>\n\t\t\t\t\t<\/span>\n\t\t\t\t\t<\/a>\n\t\t\t\t<\/div>\n\t\t\t\t\t\t\t\t<\/div>\n\t\t\t\t<\/div>\n\t\t\t\t<\/div>\n\t\t\t\t\t<\/div>\n\t\t\t\t<\/div>\n\t\t<div class=\"elementor-element elementor-element-184570d6 e-flex e-con-boxed e-con e-parent\" data-id=\"184570d6\" data-element_type=\"container\" data-settings=\"{&quot;background_background&quot;:&quot;classic&quot;}\">\n\t\t\t\t\t<div class=\"e-con-inner\">\n\t\t<div class=\"elementor-element elementor-element-59744a28 e-con-full e-flex e-con e-child\" data-id=\"59744a28\" data-element_type=\"container\">\n\t\t\t\t<div class=\"elementor-element elementor-element-42e957dc elementor-widget elementor-widget-heading\" data-id=\"42e957dc\" data-element_type=\"widget\" data-widget_type=\"heading.default\">\n\t\t\t\t<div class=\"elementor-widget-container\">\n\t\t\t\t\t<h6 class=\"elementor-heading-title elementor-size-default\">Kontakti<\/h6>\t\t\t\t<\/div>\n\t\t\t\t<\/div>\n\t\t\t\t<div class=\"elementor-element elementor-element-66db30f0 elementor-widget elementor-widget-heading\" data-id=\"66db30f0\" data-element_type=\"widget\" data-widget_type=\"heading.default\">\n\t\t\t\t<div class=\"elementor-widget-container\">\n\t\t\t\t\t<h2 class=\"elementor-heading-title elementor-size-default\">Le t\u00eb Flasim p\u00ebr Iden\u00eb Tuaj.<\/h2>\t\t\t\t<\/div>\n\t\t\t\t<\/div>\n\t\t\t\t<div class=\"elementor-element elementor-element-6978a1a9 elementor-widget elementor-widget-text-editor\" data-id=\"6978a1a9\" data-element_type=\"widget\" data-widget_type=\"text-editor.default\">\n\t\t\t\t<div class=\"elementor-widget-container\">\n\t\t\t\t\t\t\t\t\t<p>Plot\u00ebsoni formularin me t\u00eb dh\u00ebnat tuaja t\u00eb kontaktit dhe ne do t\u2019ju kthejm\u00eb p\u00ebrgjigje brenda 2 dit\u00ebve pune.<\/p>\t\t\t\t\t\t\t\t<\/div>\n\t\t\t\t<\/div>\n\t\t\t\t<div class=\"elementor-element elementor-element-316f956e elementor-align-left elementor-mobile-align-center elementor-widget elementor-widget-button\" data-id=\"316f956e\" data-element_type=\"widget\" data-widget_type=\"button.default\">\n\t\t\t\t<div class=\"elementor-widget-container\">\n\t\t\t\t\t\t\t\t\t<div class=\"elementor-button-wrapper\">\n\t\t\t\t\t<a class=\"elementor-button elementor-button-link elementor-size-md elementor-animation-wobble-horizontal\" href=\"https:\/\/ediliftashensor.com\/sq\/contact\/\">\n\t\t\t\t\t\t<span class=\"elementor-button-content-wrapper\">\n\t\t\t\t\t\t\t\t\t<span class=\"elementor-button-text\">Na Kontaktoni<\/span>\n\t\t\t\t\t<\/span>\n\t\t\t\t\t<\/a>\n\t\t\t\t<\/div>\n\t\t\t\t\t\t\t\t<\/div>\n\t\t\t\t<\/div>\n\t\t\t\t<\/div>\n\t\t<div class=\"elementor-element elementor-element-1949964c e-con-full e-flex e-con e-child\" data-id=\"1949964c\" data-element_type=\"container\" data-settings=\"{&quot;background_background&quot;:&quot;classic&quot;}\">\n\t\t<div class=\"elementor-element elementor-element-35f15b8a e-con-full e-flex e-con e-child\" data-id=\"35f15b8a\" data-element_type=\"container\">\n\t\t\t\t<div class=\"elementor-element elementor-element-7a2991ac elementor-button-align-stretch elementor-widget elementor-widget-form\" data-id=\"7a2991ac\" data-element_type=\"widget\" data-settings=\"{&quot;step_next_label&quot;:&quot;Next&quot;,&quot;step_previous_label&quot;:&quot;Previous&quot;,&quot;button_width&quot;:&quot;100&quot;,&quot;step_type&quot;:&quot;number_text&quot;,&quot;step_icon_shape&quot;:&quot;circle&quot;}\" data-widget_type=\"form.default\">\n\t\t\t\t<div class=\"elementor-widget-container\">\n\t\t\t\t\t\t\t<form class=\"elementor-form\" method=\"post\" name=\"Home Form\" action=\"\">\n\t\t\t<input type=\"hidden\" name=\"post_id\" value=\"124\"\/>\n\t\t\t<input type=\"hidden\" name=\"form_id\" value=\"7a2991ac\"\/>\n\t\t\t<input type=\"hidden\" name=\"referer_title\" value=\"Services\" \/>\n\n\t\t\t\t\t\t\t<input type=\"hidden\" name=\"queried_id\" value=\"124\"\/>\n\t\t\t\n\t\t\t<div class=\"elementor-form-fields-wrapper elementor-labels-above\">\n\t\t\t\t\t\t\t\t<div class=\"elementor-field-type-text elementor-field-group elementor-column elementor-field-group-name elementor-col-100 elementor-field-required\">\n\t\t\t\t\t\t\t\t\t\t\t\t<label for=\"form-field-name\" class=\"elementor-field-label\">\n\t\t\t\t\t\t\t\tEmri\t\t\t\t\t\t\t<\/label>\n\t\t\t\t\t\t\t\t\t\t\t\t\t\t<input size=\"1\" type=\"text\" name=\"form_fields[name]\" id=\"form-field-name\" class=\"elementor-field elementor-size-md  elementor-field-textual\" placeholder=\"Emri\" required=\"required\">\n\t\t\t\t\t\t\t\t\t\t\t<\/div>\n\t\t\t\t\t\t\t\t<div class=\"elementor-field-type-text elementor-field-group elementor-column elementor-field-group-field_91aaf30 elementor-col-100 elementor-field-required\">\n\t\t\t\t\t\t\t\t\t\t\t\t<label for=\"form-field-field_91aaf30\" class=\"elementor-field-label\">\n\t\t\t\t\t\t\t\tNumri i Telefonit\t\t\t\t\t\t\t<\/label>\n\t\t\t\t\t\t\t\t\t\t\t\t\t\t<input size=\"1\" type=\"text\" name=\"form_fields[field_91aaf30]\" id=\"form-field-field_91aaf30\" class=\"elementor-field elementor-size-md  elementor-field-textual\" placeholder=\"Numri i Telefonit\" required=\"required\">\n\t\t\t\t\t\t\t\t\t\t\t<\/div>\n\t\t\t\t\t\t\t\t<div class=\"elementor-field-type-email elementor-field-group elementor-column elementor-field-group-email elementor-col-100 elementor-field-required\">\n\t\t\t\t\t\t\t\t\t\t\t\t<label for=\"form-field-email\" class=\"elementor-field-label\">\n\t\t\t\t\t\t\t\tEmail\t\t\t\t\t\t\t<\/label>\n\t\t\t\t\t\t\t\t\t\t\t\t\t\t<input size=\"1\" type=\"email\" name=\"form_fields[email]\" id=\"form-field-email\" class=\"elementor-field elementor-size-md  elementor-field-textual\" placeholder=\"Email\" required=\"required\">\n\t\t\t\t\t\t\t\t\t\t\t<\/div>\n\t\t\t\t\t\t\t\t<div class=\"elementor-field-type-textarea elementor-field-group elementor-column elementor-field-group-message elementor-col-100\">\n\t\t\t\t\t\t\t\t\t\t\t\t<label for=\"form-field-message\" class=\"elementor-field-label\">\n\t\t\t\t\t\t\t\tMesazhi\t\t\t\t\t\t\t<\/label>\n\t\t\t\t\t\t<textarea class=\"elementor-field-textual elementor-field  elementor-size-md\" name=\"form_fields[message]\" id=\"form-field-message\" rows=\"4\" placeholder=\"Mesazhi\"><\/textarea>\t\t\t\t<\/div>\n\t\t\t\t\t\t\t\t<div class=\"elementor-field-group elementor-column elementor-field-type-submit elementor-col-100 e-form__buttons\">\n\t\t\t\t\t<button class=\"elementor-button elementor-size-md\" type=\"submit\">\n\t\t\t\t\t\t<span class=\"elementor-button-content-wrapper\">\n\t\t\t\t\t\t\t\t\t\t\t\t\t\t\t\t\t\t\t\t\t\t<span class=\"elementor-button-text\">D\u00ebrgo<\/span>\n\t\t\t\t\t\t\t\t\t\t\t\t\t<\/span>\n\t\t\t\t\t<\/button>\n\t\t\t\t<\/div>\n\t\t\t<\/div>\n\t\t<input type=\"hidden\" name=\"trp-form-language\" value=\"sq\"\/><\/form>\n\t\t\t\t\t\t<\/div>\n\t\t\t\t<\/div>\n\t\t\t\t<\/div>\n\t\t\t\t<\/div>\n\t\t\t\t\t<\/div>\n\t\t\t\t<\/div>\n\t\t\t\t<\/div>","protected":false},"excerpt":{"rendered":"<p>Home From manufacturing to ongoing care, Edi Lift Ashensor ensures every elevator and escalator we produce meets the highest standards Elevator Manufacturing Precision-Engineered, Locally Made At Edi Lift Ashensor, we manufacture elevators designed specificallyfor your building\u2019s unique needs, residential, commercial, or industrial. Our production facility in Kosovo uses cutting-edge equipment,European-standard materials, and strict quality control [&hellip;]<\/p>","protected":false},"author":1,"featured_media":0,"parent":0,"menu_order":0,"comment_status":"closed","ping_status":"closed","template":"","meta":{"footnotes":""},"class_list":["post-124","page","type-page","status-publish","hentry"],"_links":{"self":[{"href":"https:\/\/ediliftashensor.com\/sq\/wp-json\/wp\/v2\/pages\/124","targetHints":{"allow":["GET"]}}],"collection":[{"href":"https:\/\/ediliftashensor.com\/sq\/wp-json\/wp\/v2\/pages"}],"about":[{"href":"https:\/\/ediliftashensor.com\/sq\/wp-json\/wp\/v2\/types\/page"}],"author":[{"embeddable":true,"href":"https:\/\/ediliftashensor.com\/sq\/wp-json\/wp\/v2\/users\/1"}],"replies":[{"embeddable":true,"href":"https:\/\/ediliftashensor.com\/sq\/wp-json\/wp\/v2\/comments?post=124"}],"version-history":[{"count":46,"href":"https:\/\/ediliftashensor.com\/sq\/wp-json\/wp\/v2\/pages\/124\/revisions"}],"predecessor-version":[{"id":697,"href":"https:\/\/ediliftashensor.com\/sq\/wp-json\/wp\/v2\/pages\/124\/revisions\/697"}],"wp:attachment":[{"href":"https:\/\/ediliftashensor.com\/sq\/wp-json\/wp\/v2\/media?parent=124"}],"curies":[{"name":"wp","href":"https:\/\/api.w.org\/{rel}","templated":true}]}}